{"id":17,"date":"2025-07-11T12:40:10","date_gmt":"2025-07-11T12:40:10","guid":{"rendered":"https:\/\/p.panda.cal24.pl\/?page_id=17"},"modified":"2025-07-11T12:40:10","modified_gmt":"2025-07-11T12:40:10","slug":"nie-ma-rzeczy-niemozliwych","status":"publish","type":"page","link":"https:\/\/p.panda.cal24.pl\/index.php\/nie-ma-rzeczy-niemozliwych\/","title":{"rendered":"Nie ma rzeczy niemo\u017cliwych"},"content":{"rendered":"\n<figure class=\"wp-block-image size-full is-resized\"><img loading=\"lazy\" decoding=\"async\" width=\"116\" height=\"106\" src=\"https:\/\/p.panda.cal24.pl\/wp-content\/uploads\/2025\/07\/pa.gif\" alt=\"\" class=\"wp-image-18\" style=\"width:84px;height:auto\"\/><\/figure>\n\n\n\n<h2 class=\"wp-block-heading\">O nas<\/h2>\n\n\n\n<p><strong>Lokalny partner IT, kt\u00f3remu mo\u017cesz zaufa\u0107<\/strong><\/p>\n\n\n\n<p>Jeste\u015bmy zespo\u0142em pasjonat\u00f3w nowych technologii z sercem w \u0141odzi. Od lat wspieramy firmy w regionie, dostarczaj\u0105c nowoczesne rozwi\u0105zania IT, kt\u00f3re zwi\u0119kszaj\u0105 efektywno\u015b\u0107, bezpiecze\u0144stwo i komfort pracy.<\/p>\n\n\n\n<p>Nasze podej\u015bcie? Zrozumie\u0107 potrzeby klienta, zaproponowa\u0107 skuteczne rozwi\u0105zania i by\u0107 zawsze pod telefonem, kiedy potrzebujesz wsparcia.<\/p>\n\n\n\n<p>Dzi\u0119ki nam IT staje si\u0119 proste.<\/p>\n\n\n\n<p><\/p>\n\n\n\n<p><\/p>\n\n\n\n<h6 class=\"wp-block-heading\">Kompleksowa obs\u0142uga IT dla ma\u0142ych i \u015brednich firm w \u0141odzi<\/h6>\n\n\n\n<p><\/p>\n","protected":false},"excerpt":{"rendered":"<p>O nas Lokalny partner IT, kt\u00f3remu mo\u017cesz zaufa\u0107 Jeste\u015bmy zespo\u0142em pasjonat\u00f3w nowych technologii z sercem w \u0141odzi. Od lat wspieramy firmy w regionie, dostarczaj\u0105c nowoczesne rozwi\u0105zania IT, kt\u00f3re zwi\u0119kszaj\u0105 efektywno\u015b\u0107, bezpiecze\u0144stwo i komfort pracy. Nasze podej\u015bcie? Zrozumie\u0107 potrzeby klienta, zaproponowa\u0107 skuteczne rozwi\u0105zania i by\u0107 zawsze pod telefonem, kiedy potrzebujesz wsparcia. Dzi\u0119ki nam IT staje si\u0119 [&hellip;]<\/p>\n","protected":false},"author":1,"featured_media":0,"parent":0,"menu_order":0,"comment_status":"closed","ping_status":"closed","template":"","meta":{"_coblocks_attr":"","_coblocks_dimensions":"","_coblocks_responsive_height":"","_coblocks_accordion_ie_support":"","hide_page_title":"","footnotes":""},"class_list":["post-17","page","type-page","status-publish","hentry"],"_links":{"self":[{"href":"https:\/\/p.panda.cal24.pl\/index.php\/wp-json\/wp\/v2\/pages\/17","targetHints":{"allow":["GET"]}}],"collection":[{"href":"https:\/\/p.panda.cal24.pl\/index.php\/wp-json\/wp\/v2\/pages"}],"about":[{"href":"https:\/\/p.panda.cal24.pl\/index.php\/wp-json\/wp\/v2\/types\/page"}],"author":[{"embeddable":true,"href":"https:\/\/p.panda.cal24.pl\/index.php\/wp-json\/wp\/v2\/users\/1"}],"replies":[{"embeddable":true,"href":"https:\/\/p.panda.cal24.pl\/index.php\/wp-json\/wp\/v2\/comments?post=17"}],"version-history":[{"count":1,"href":"https:\/\/p.panda.cal24.pl\/index.php\/wp-json\/wp\/v2\/pages\/17\/revisions"}],"predecessor-version":[{"id":19,"href":"https:\/\/p.panda.cal24.pl\/index.php\/wp-json\/wp\/v2\/pages\/17\/revisions\/19"}],"wp:attachment":[{"href":"https:\/\/p.panda.cal24.pl\/index.php\/wp-json\/wp\/v2\/media?parent=17"}],"curies":[{"name":"wp","href":"https:\/\/api.w.org\/{rel}","templated":true}]}}